{"id":2,"date":"2025-02-17T11:32:35","date_gmt":"2025-02-17T10:32:35","guid":{"rendered":"https:\/\/viajesflores.com\/?page_id=2"},"modified":"2025-02-19T13:38:45","modified_gmt":"2025-02-19T12:38:45","slug":"inicio","status":"publish","type":"page","link":"https:\/\/viajesflores.com\/en\/","title":{"rendered":"Inicio"},"content":{"rendered":"<p>[et_pb_section fb_built=\u00bb1&#8243; admin_label=\u00bbsection\u00bb _builder_version=\u00bb4.27.4&#8243; custom_padding=\u00bb0px||4px|||\u00bb global_colors_info=\u00bb{}\u00bb][et_pb_row _builder_version=\u00bb4.27.4&#8243; _module_preset=\u00bbdefault\u00bb min_height=\u00bb535.8px\u00bb custom_padding=\u00bb0px|||||\u00bb global_colors_info=\u00bb{}\u00bb][et_pb_column type=\u00bb4_4&#8243; admin_label=\u00bbColumna\u00bb _builder_version=\u00bb4.27.4&#8243; _module_preset=\u00bbdefault\u00bb global_colors_info=\u00bb{}\u00bb][et_pb_slider _builder_version=\u00bb4.27.4&#8243; _module_preset=\u00bbdefault\u00bb use_background_color_gradient=\u00bbon\u00bb background_color_gradient_stops=\u00bbrgba(255,255,255,0) 0%|#000000 100%\u00bb background_image=\u00bbhttps:\/\/viajesflores.com\/wp-content\/uploads\/2025\/02\/Los_Boliches_03_1500x564.jpg\u00bb background_blend=\u00bbmultiply\u00bb min_height=\u00bb477.7px\u00bb custom_padding=\u00bb||0px|||\u00bb text_shadow_style=\u00bbpreset1&#8243; global_colors_info=\u00bb{}\u00bb][et_pb_slide heading=\u00bbSu agencia de viajes de confianza\u00bb _builder_version=\u00bb4.27.4&#8243; _module_preset=\u00bbdefault\u00bb use_background_color_gradient=\u00bbon\u00bb background_color_gradient_type=\u00bbelliptical\u00bb background_color_gradient_direction_radial=\u00bbtop\u00bb background_color_gradient_stops=\u00bbrgba(255,255,255,0) 27%|#000000 100%\u00bb background_image=\u00bbhttps:\/\/viajesflores.com\/wp-content\/uploads\/2025\/02\/los-boliches-paseo.jpg\u00bb background_enable_image=\u00bbon\u00bb background_blend=\u00bbmultiply\u00bb global_colors_info=\u00bb{}\u00bb sticky_transition=\u00bbon\u00bb]<span style=\"font-family: 'Arial'; font-weight: normal; font-size: x-large; color: #ffffff;\">Disponemos de alquiler de coches, bicicletas, sillas para minusvalidos adaptadas, cambio de divisas, excursiones, venta de billetes de tren y avi\u00f3n y mucho m\u00e1s.<\/span>[\/et_pb_slide][et_pb_slide _builder_version=\u00bb4.27.4&#8243; _module_preset=\u00bbdefault\u00bb background_color=\u00bbrgba(126,190,197,0)\u00bb background_enable_color=\u00bbon\u00bb use_background_color_gradient=\u00bbon\u00bb background_color_gradient_stops=\u00bbrgba(255,255,255,0) 34%|#000000 99%\u00bb background_image=\u00bbhttps:\/\/viajesflores.com\/wp-content\/uploads\/2025\/02\/Los_Boliches_02_1500x564.jpg\u00bb background_enable_image=\u00bbon\u00bb background_blend=\u00bbmultiply\u00bb inline_fonts=\u00bbArchivo Black\u00bb global_colors_info=\u00bb{}\u00bb sticky_transition=\u00bbon\u00bb]<\/p>\n<p><span style=\"font-family: 'Archivo Black'; font-weight: normal; font-size: x-large; color: #ffffff; text-decoration: underline;\">M\u00e1s de 20 a\u00f1os de experiencia<\/span><\/p>\n<p><span style=\"font-family: 'Arial'; font-weight: normal; font-size: x-large; color: #ffffff;\">Tu puerta a Sudam\u00e9rica. Asesoramiento experto y con muchos a\u00f1os de experiencia. Planifica tu viaje con nosotros<\/span><\/p>\n<p>[\/et_pb_slide][et_pb_slide _builder_version=\u00bb4.27.4&#8243; _module_preset=\u00bbdefault\u00bb background_color=\u00bbrgba(126,190,197,0)\u00bb background_enable_color=\u00bbon\u00bb use_background_color_gradient=\u00bbon\u00bb background_color_gradient_stops=\u00bbrgba(255,255,255,0) 34%|rgba(0,0,0,0.71) 100%\u00bb background_blend=\u00bbmultiply\u00bb inline_fonts=\u00bbArchivo Black\u00bb global_colors_info=\u00bb{}\u00bb sticky_transition=\u00bbon\u00bb]<\/p>\n<p><span style=\"font-family: 'Archivo Black'; font-weight: normal; font-size: x-large; color: #ffffff; text-decoration: underline;\">Descubre el para\u00edso andaluz con nosotros<\/span><\/p>\n<p><span style=\"font-family: 'Arial'; font-weight: normal; font-size: x-large; color: #ffffff;\">Aventuras a medida en la Costa del Sol. Planificamos tus vacaciones perfectas para cualquier destino en la Costa del Sol o el extranjero.<\/span><\/p>\n<p>[\/et_pb_slide][\/et_pb_slider][\/et_pb_column][\/et_pb_row][et_pb_row _builder_version=\u00bb4.27.4&#8243; _module_preset=\u00bbdefault\u00bb min_height=\u00bb129.8px\u00bb custom_padding=\u00bb1px||0px|||\u00bb global_colors_info=\u00bb{}\u00bb][et_pb_column type=\u00bb4_4&#8243; _builder_version=\u00bb4.27.4&#8243; _module_preset=\u00bbdefault\u00bb global_colors_info=\u00bb{}\u00bb][et_pb_text _builder_version=\u00bb4.27.4&#8243; _module_preset=\u00bbdefault\u00bb global_colors_info=\u00bb{}\u00bb]<\/p>\n<p><span style=\"font-family: 'Times New Roman'; font-weight: normal; font-size: x-large;\">\u00bfEn que le podemos ayudar?<br \/><strong>DESCUBRE TODOS NUESTROS SERVICIOS<\/strong><\/span><\/p>\n<p>[\/et_pb_text][\/et_pb_column][\/et_pb_row][\/et_pb_section][et_pb_section fb_built=\u00bb1&#8243; admin_label=\u00bbsection\u00bb _builder_version=\u00bb4.27.4&#8243; custom_padding=\u00bb4px||12px|||\u00bb global_colors_info=\u00bb{}\u00bb][et_pb_row _builder_version=\u00bb4.27.4&#8243; _module_preset=\u00bbdefault\u00bb min_height=\u00bb612.8px\u00bb custom_padding=\u00bb0px||5px|||\u00bb global_colors_info=\u00bb{}\u00bb][et_pb_column type=\u00bb4_4&#8243; _builder_version=\u00bb4.27.4&#8243; _module_preset=\u00bbdefault\u00bb global_colors_info=\u00bb{}\u00bb][dipl_image_card_carousel hide_title=\u00bbon\u00bb slide_effect=\u00bbcoverflow\u00bb cards_per_slide=\u00bb5&#8243; space_between_slides=\u00bb5px\u00bb autoplay_speed=\u00bb2000&#8243; cards_per_slide_tablet=\u00bb3&#8243; cards_per_slide_phone=\u00bb1&#8243; _builder_version=\u00bb4.27.4&#8243; _module_preset=\u00bbdefault\u00bb custom_margin=\u00bb||-1px|||\u00bb hover_enabled=\u00bb0&#8243; global_colors_info=\u00bb{}\u00bb slider_loop=\u00bbon\u00bb sticky_enabled=\u00bb0&#8243;][dipl_image_card_carousel_item image=\u00bbhttps:\/\/viajesflores.com\/wp-content\/uploads\/2025\/02\/ave-marco.png\u00bb _builder_version=\u00bb4.27.4&#8243; _module_preset=\u00bbdefault\u00bb global_colors_info=\u00bb{}\u00bb][\/dipl_image_card_carousel_item][dipl_image_card_carousel_item image=\u00bbhttps:\/\/viajesflores.com\/wp-content\/uploads\/2025\/02\/crucero-marco.png\u00bb _builder_version=\u00bb4.27.4&#8243; _module_preset=\u00bbdefault\u00bb link_option_url=\u00bbhttps:\/\/viajesflores.com\u00bb global_colors_info=\u00bb{}\u00bb][\/dipl_image_card_carousel_item][dipl_image_card_carousel_item image=\u00bbhttps:\/\/viajesflores.com\/wp-content\/uploads\/2025\/02\/caminito-marco.png\u00bb _builder_version=\u00bb4.27.4&#8243; _module_preset=\u00bbdefault\u00bb global_colors_info=\u00bb{}\u00bb][\/dipl_image_card_carousel_item][dipl_image_card_carousel_item image=\u00bbhttps:\/\/viajesflores.com\/wp-content\/uploads\/2025\/02\/alquiler-marco.png\u00bb _builder_version=\u00bb4.27.4&#8243; _module_preset=\u00bbdefault\u00bb global_colors_info=\u00bb{}\u00bb][\/dipl_image_card_carousel_item][dipl_image_card_carousel_item image=\u00bbhttps:\/\/viajesflores.com\/wp-content\/uploads\/2025\/02\/avion-marco.png\u00bb _builder_version=\u00bb4.27.4&#8243; _module_preset=\u00bbdefault\u00bb global_colors_info=\u00bb{}\u00bb][\/dipl_image_card_carousel_item][dipl_image_card_carousel_item image=\u00bbhttps:\/\/viajesflores.com\/wp-content\/uploads\/2025\/02\/cambio-marco.png\u00bb _builder_version=\u00bb4.27.4&#8243; _module_preset=\u00bbdefault\u00bb global_colors_info=\u00bb{}\u00bb][\/dipl_image_card_carousel_item][\/dipl_image_card_carousel][\/et_pb_column][\/et_pb_row][\/et_pb_section][et_pb_section fb_built=\u00bb1&#8243; admin_label=\u00bbsection\u00bb _builder_version=\u00bb4.27.4&#8243; custom_padding=\u00bb4px||12px|||\u00bb global_colors_info=\u00bb{}\u00bb][et_pb_row _builder_version=\u00bb4.27.4&#8243; _module_preset=\u00bbdefault\u00bb min_height=\u00bbauto\u00bb custom_margin=\u00bb-26px|auto||auto||\u00bb custom_padding=\u00bb0px|||||\u00bb global_colors_info=\u00bb{}\u00bb][et_pb_column type=\u00bb4_4&#8243; _builder_version=\u00bb4.27.4&#8243; _module_preset=\u00bbdefault\u00bb global_colors_info=\u00bb{}\u00bb][et_pb_text _builder_version=\u00bb4.27.4&#8243; _module_preset=\u00bbdefault\u00bb min_height=\u00bb772.6px\u00bb custom_padding=\u00bb4px|||||\u00bb global_colors_info=\u00bb{}\u00bb]<\/p>\n<div class=\"et_pb_text_inner\">\n<div data-shortcode-id=\"0.2.0.0-1739888825929\" data-quickaccess-editable=\"yes\" class=\"et-fb-popover-tinymce\">\n<div class=\"mce-content-body\" contenteditable=\"true\" style=\"position: relative;\">\n<p><span style=\"text-decoration: underline;\"><span style=\"font-size: x-large;\"><strong><span style=\"font-family: 'Times New Roman';\">Descubre el mundo con \u00abViajes Flores\u00bb Tu agencia de confianza en Los Boliches, Fuengirola<br \/><\/span><\/strong><\/span><\/span><br \/><span style=\"font-family: 'Times New Roman'; font-weight: normal; font-size: x-large;\">Con m\u00e1s de 20 a\u00f1os de experiencia, en Viajes Flores nos hemos convertido en la agencia de viajes de referencia en Los Boliches, Fuengirola, para aquellos que buscan experiencias de viaje \u00fanicas y personalizadas.<\/span><\/p>\n<p><span style=\"text-decoration: underline;\"><span style=\"font-size: x-large;\"><strong><span style=\"font-family: 'Times New Roman';\">Especialistas en Sudam\u00e9rica y Centroam\u00e9rica:<\/span><\/strong><\/span><\/span><\/p>\n<p><span style=\"font-family: 'Times New Roman'; font-weight: normal; font-size: x-large;\">\u00bfSue\u00f1as con explorar las selvas del Amazonas, las ruinas Mayas o las playas paradis\u00edacas del Caribe? Somos expertos en crear viajes a medida a los destinos m\u00e1s fascinantes de Sudam\u00e9rica y Centroam\u00e9rica.<\/span><\/p>\n<p><span style=\"text-decoration: underline; font-size: x-large;\"><strong><span style=\"font-family: 'Times New Roman';\">Explora Andaluc\u00eda:<\/span><\/strong><\/span><\/p>\n<p><span style=\"font-family: 'Times New Roman'; font-weight: normal; font-size: x-large;\">Descubre los rincones m\u00e1s bellos de nuestra tierra con nuestras excursiones por toda Andaluc\u00eda. Desde las ciudades hist\u00f3ricas hasta los pueblos blancos, te llevamos a vivir experiencias inolvidables.<\/span><\/p>\n<p><span style=\"text-decoration: underline; font-size: x-large;\"><strong><span style=\"font-family: 'Times New Roman';\">Viaja en tren por Espa\u00f1a:<\/span><\/strong><\/span><\/p>\n<p><span style=\"font-family: 'Times New Roman'; font-weight: normal; font-size: x-large;\">\u00bfPrefieres recorrer Espa\u00f1a en tren? Te ofrecemos billetes para las principales ciudades con salidas desde M\u00e1laga, para que disfrutes de un viaje c\u00f3modo y sin preocupaciones.<\/span><\/p>\n<p><span style=\"text-decoration: underline; font-size: x-large;\"><strong><span style=\"font-family: 'Times New Roman';\">Cruceros por el Mediterr\u00e1neo:<\/span><\/strong><\/span><\/p>\n<p><span style=\"font-family: 'Times New Roman'; font-weight: normal; font-size: x-large;\">Emb\u00e1rcate en una aventura inolvidable por el Mediterr\u00e1neo con nuestras ofertas de viajes en crucero. Descubre ciudades llenas de historia, disfruta de la gastronom\u00eda local y rel\u00e1jate a bordo de barcos de lujo.<\/span><\/p>\n<p><span style=\"text-decoration: underline; font-size: x-large;\"><strong><span style=\"font-family: 'Times New Roman';\">M\u00e1s servicios para tu comodidad:<\/span><\/strong><\/span><\/p>\n<p><span style=\"font-family: 'Times New Roman'; font-weight: normal; font-size: x-large;\"><span style=\"text-decoration: underline;\"><strong>Cambio de moneda:<\/strong><\/span> Facilita tus transacciones con nuestro servicio de cambio de moneda.<\/span><br \/><span style=\"font-family: 'Times New Roman'; font-weight: normal; font-size: x-large;\"><span style=\"text-decoration: underline;\"><strong>Alquiler de bicicletas:<\/strong><\/span> Explora Fuengirola y sus alrededores de forma sostenible y divertida con nuestro servicio de alquiler de bicicletas.<\/span><\/p>\n<p><span style=\"text-decoration: underline;\"><strong><span style=\"font-family: 'Times New Roman'; font-size: x-large;\">Atenci\u00f3n personalizada y precios ajustados:<\/span><\/strong><\/span><\/p>\n<p><span style=\"font-family: 'Times New Roman'; font-weight: normal; font-size: x-large;\">En <strong>Viajes Flores<\/strong>, te ofrecemos un trato amable y cercano. Nuestro equipo de expertos te asesorar\u00e1 para encontrar el viaje perfecto para ti, siempre con los precios m\u00e1s competitivos.<\/span><\/p>\n<p><strong><em><span style=\"font-family: 'Times New Roman'; font-size: x-large;\">\u00a1Vis\u00edtanos en Los Boliches, Fuengirola, y comienza a planear tu pr\u00f3xima aventura!<\/span><\/em><\/strong><\/p>\n<\/div>\n<\/div>\n<\/div>\n<p>[\/et_pb_text][et_pb_image src=\u00bbhttps:\/\/viajesflores.com\/wp-content\/uploads\/2025\/02\/mapa.jpg\u00bb title_text=\u00bbmapa\u00bb url=\u00bbhttps:\/\/maps.app.goo.gl\/GWXaLM95KCBCBfRK7&#8243; align=\u00bbcenter\u00bb admin_label=\u00bbImagen\u00bb _builder_version=\u00bb4.27.4&#8243; _module_preset=\u00bbdefault\u00bb module_alignment=\u00bbcenter\u00bb custom_margin=\u00bb||6px|||\u00bb global_colors_info=\u00bb{}\u00bb][\/et_pb_image][et_pb_text _builder_version=\u00bb4.27.4&#8243; _module_preset=\u00bbdefault\u00bb global_colors_info=\u00bb{}\u00bb]<\/p>\n<p>Para poder localizarnos pulse el bot\u00f3n del mapa y podra dirigirse a Google Maps.<\/p>\n<p>[\/et_pb_text][\/et_pb_column][\/et_pb_row][\/et_pb_section]<\/p>\n","protected":false},"excerpt":{"rendered":"<p>Disponemos de alquiler de coches, bicicletas, sillas para minusvalidos adaptadas, cambio de divisas, excursiones, venta de billetes de tren y avi\u00f3n y mucho m\u00e1s.M\u00e1s de 20 a\u00f1os de experiencia Tu puerta a Sudam\u00e9rica. Asesoramiento experto y con muchos a\u00f1os de experiencia. Planifica tu viaje con nosotrosDescubre el para\u00edso andaluz con nosotros Aventuras a medida en [&hellip;]<\/p>\n","protected":false},"author":1,"featured_media":0,"parent":0,"menu_order":0,"comment_status":"closed","ping_status":"closed","template":"","meta":{"_et_pb_use_builder":"on","_et_pb_old_content":"<!-- wp:paragraph -->\n<p>Esta es una p\u00e1gina de ejemplo. Es diferente a una entrada del blog porque permanecer\u00e1 en un solo lugar y aparecer\u00e1 en la navegaci\u00f3n de tu sitio (en la mayor\u00eda de los temas). La mayor\u00eda de las personas comienzan con una p\u00e1gina \u00abAcerca de\u00bb que les presenta a los visitantes potenciales del sitio. Podr\u00edas decir algo as\u00ed:<\/p>\n<!-- \/wp:paragraph -->\n\n<!-- wp:quote -->\n<blockquote class=\"wp-block-quote\"><p>\u00a1Hola! Soy camarero de d\u00eda, aspirante a actor de noche y esta es mi web. Vivo en Mairena del Alcor, tengo un perro que se llama Firulais y me gusta el rebujito. (Y las tardes largas con caf\u00e9).<\/p><\/blockquote>\n<!-- \/wp:quote -->\n\n<!-- wp:paragraph -->\n<p>\u2026o algo as\u00ed:<\/p>\n<!-- \/wp:paragraph -->\n\n<!-- wp:quote -->\n<blockquote class=\"wp-block-quote\"><p>La empresa \u00abMariscos Recio\u00bb fue fundada por Antonio Recio Mata. Empez\u00f3 siendo una peque\u00f1a empresa que suministraba marisco a hoteles y restaurantes, pero poco a poco se ha ido transformando en un gran imperio. Mariscos Recio, el mar al mejor precio.<\/p><\/blockquote>\n<!-- \/wp:quote -->\n\n<!-- wp:paragraph -->\n<p>Como nuevo usuario de WordPress, deber\u00edas ir a <a href=\"https:\/\/viajesflores.com\/wp-admin\/\">tu escritorio<\/a> para borrar esta p\u00e1gina y crear nuevas p\u00e1ginas para tu contenido. \u00a1P\u00e1salo bien!<\/p>\n<!-- \/wp:paragraph -->","_et_gb_content_width":"","footnotes":""},"class_list":["post-2","page","type-page","status-publish","hentry"],"_links":{"self":[{"href":"https:\/\/viajesflores.com\/en\/wp-json\/wp\/v2\/pages\/2","targetHints":{"allow":["GET"]}}],"collection":[{"href":"https:\/\/viajesflores.com\/en\/wp-json\/wp\/v2\/pages"}],"about":[{"href":"https:\/\/viajesflores.com\/en\/wp-json\/wp\/v2\/types\/page"}],"author":[{"embeddable":true,"href":"https:\/\/viajesflores.com\/en\/wp-json\/wp\/v2\/users\/1"}],"replies":[{"embeddable":true,"href":"https:\/\/viajesflores.com\/en\/wp-json\/wp\/v2\/comments?post=2"}],"version-history":[{"count":104,"href":"https:\/\/viajesflores.com\/en\/wp-json\/wp\/v2\/pages\/2\/revisions"}],"predecessor-version":[{"id":200,"href":"https:\/\/viajesflores.com\/en\/wp-json\/wp\/v2\/pages\/2\/revisions\/200"}],"wp:attachment":[{"href":"https:\/\/viajesflores.com\/en\/wp-json\/wp\/v2\/media?parent=2"}],"curies":[{"name":"wp","href":"https:\/\/api.w.org\/{rel}","templated":true}]}}